{"id":2,"date":"2024-09-30T14:31:44","date_gmt":"2024-09-30T12:31:44","guid":{"rendered":"http:\/\/www.suudupulakou.org\/?page_id=2"},"modified":"2025-10-31T15:04:27","modified_gmt":"2025-10-31T14:04:27","slug":"page-d-exemple","status":"publish","type":"page","link":"https:\/\/www.suudupulakou.org\/","title":{"rendered":"AUX HALPULAR DU MONDE ENTIER"},"content":{"rendered":"<h2><strong>SUUDU PULAAKU<\/strong><\/h2>\n<p style=\"text-align: justify;\">Ce site est pour vous ! Il sera ce que vous en ferez ! Les initiateurs eux, se contenteront juste d\u2019exprimer une intention: que <strong><i>Suudu Pulaaku<\/i><\/strong> soit un point de ralliement, une source d\u2019information, un lieu d\u2019\u00e9changes et de d\u00e9bats et surtout une \u00a0\u00e9cole, un centre initiatique\u00a0 pour les n\u00e9ophytes de tout \u00e2ge\u00a0!<\/p>\n<p style=\"text-align: justify;\">Entretenir la m\u00e9moire collective en voie de disparition, sauver de l\u2019agonie la belle et grande langue poular ne saurait se percevoir comme un v\u0153u pieux. C\u2019est une ambition \u00a0parfaitement l\u00e9gitime, un projet r\u00e9aliste et r\u00e9alisable \u00e0 port\u00e9e\u00a0 toutes les personnes de bonne volont\u00e9.<\/p>\n<p style=\"text-align: justify;\">Pour commencer, nous proposons les rubriques suivantes\u00a0: Librairie, Tribune, M\u00e9diath\u00e8que, News, Education et Langue, Fulbh\u00e9, Culture et Rep\u00e8res. La rubrique \u2018Rep\u00e8res\u00a0\u00bb est particuli\u00e8rement importante. Elle est destin\u00e9e \u00e0 accueillir les donn\u00e9es intangibles de l\u2019histoire et de la culture poular\u00a0: panth\u00e9on, noms des jours et des mois, dynasties des diff\u00e9rents royaumes peuls \u00a0etc.<\/p>\n<p style=\"text-align: justify;\">Ces rubriques \u00e9volueront ou se renouv\u00e8leront au gr\u00e9 de vos suggestions. Vous \u00eates convi\u00e9s \u00e0 y d\u00e9poser vos documents\u00a0 \u00e9crits, audio-visuels ou oraux\u00a0; \u00e0 compl\u00e9ter ou \u00e0 corriger ceux qui existent d\u00e9j\u00e0. Les historiens, les linguistes et les traditionnalistes sont les bienvenus. Ils seront naturellement les ma\u00eetres d\u2019\u0153uvre et du contenu de ce point de rencontre \u00a0et des d\u00e9bats enrichissants qu\u2019il est destin\u00e9 \u00e0 susciter.<\/p>\n<p style=\"text-align: justify;\">Voil\u00e0, <strong><i>Suudu Pulaaku <\/i><\/strong>est dans vos mains, que Gu\u00e9no b\u00e9nisse votre pr\u00e9cieuse contribution \u00e0 sa survie et \u00e0 son am\u00e9lioration\u00a0!<\/p>\n<p style=\"text-align: justify;\">\u00a0 \u00a0 \u00a0 \u00a0 \u00a0 \u00a0 \u00a0 \u00a0 \u00a0 \u00a0 \u00a0 \u00a0 \u00a0 \u00a0 \u00a0 \u00a0 \u00a0 \u00a0 \u00a0 \u00a0 \u00a0 \u00a0 \u00a0 \u00a0 \u00a0 \u00a0 \u00a0 \u00a0 \u00a0 \u00a0 \u00a0 \u00a0 \u00a0 \u00a0 \u00a0 \u00a0 \u00a0 \u00a0Les fondateurs<\/p>\n","protected":false},"excerpt":{"rendered":"<p>SUUDU PULAAKU Ce site est pour vous ! Il sera ce que vous en ferez ! Les initiateurs eux, se contenteront juste d\u2019exprimer une intention: que Suudu Pulaaku soit un point de ralliement, une source d\u2019information, un lieu d\u2019\u00e9changes et de d\u00e9bats et surtout une \u00a0\u00e9cole, un centre initiatique\u00a0 pour les n\u00e9ophytes de tout \u00e2ge\u00a0! [&hellip;]<\/p>\n","protected":false},"author":1,"featured_media":0,"parent":0,"menu_order":0,"comment_status":"closed","ping_status":"open","template":"","meta":{"footnotes":""},"class_list":["post-2","page","type-page","status-publish","hentry"],"yoast_head":"<!-- This site is optimized with the Yoast SEO plugin v27.5 - https:\/\/yoast.com\/product\/yoast-seo-wordpress\/ -->\n<title>AUX HALPULAR DU MONDE ENTIER - Suudu Pulaku<\/title>\n<meta name=\"robots\" content=\"index, follow, max-snippet:-1, max-image-preview:large, max-video-preview:-1\" \/>\n<link rel=\"canonical\" href=\"https:\/\/www.suudupulakou.org\/\" \/>\n<meta property=\"og:locale\" content=\"fr_FR\" \/>\n<meta property=\"og:type\" content=\"article\" \/>\n<meta property=\"og:title\" content=\"AUX HALPULAR DU MONDE ENTIER - Suudu Pulaku\" \/>\n<meta property=\"og:description\" content=\"SUUDU PULAAKU Ce site est pour vous ! Il sera ce que vous en ferez ! Les initiateurs eux, se contenteront juste d\u2019exprimer une intention: que Suudu Pulaaku soit un point de ralliement, une source d\u2019information, un lieu d\u2019\u00e9changes et de d\u00e9bats et surtout une \u00a0\u00e9cole, un centre initiatique\u00a0 pour les n\u00e9ophytes de tout \u00e2ge\u00a0! [&hellip;]\" \/>\n<meta property=\"og:url\" content=\"https:\/\/www.suudupulakou.org\/\" \/>\n<meta property=\"og:site_name\" content=\"Suudu Pulaku\" \/>\n<meta property=\"article:modified_time\" content=\"2025-10-31T14:04:27+00:00\" \/>\n<meta name=\"twitter:card\" content=\"summary_large_image\" \/>\n<meta name=\"twitter:label1\" content=\"Dur\u00e9e de lecture estim\u00e9e\" \/>\n\t<meta name=\"twitter:data1\" content=\"2 minutes\" \/>\n<script type=\"application\/ld+json\" class=\"yoast-schema-graph\">{\"@context\":\"https:\\\/\\\/schema.org\",\"@graph\":[{\"@type\":\"WebPage\",\"@id\":\"https:\\\/\\\/www.suudupulakou.org\\\/\",\"url\":\"https:\\\/\\\/www.suudupulakou.org\\\/\",\"name\":\"AUX HALPULAR DU MONDE ENTIER - Suudu Pulaku\",\"isPartOf\":{\"@id\":\"https:\\\/\\\/www.suudupulakou.org\\\/#website\"},\"datePublished\":\"2024-09-30T12:31:44+00:00\",\"dateModified\":\"2025-10-31T14:04:27+00:00\",\"breadcrumb\":{\"@id\":\"https:\\\/\\\/www.suudupulakou.org\\\/#breadcrumb\"},\"inLanguage\":\"fr-FR\",\"potentialAction\":[{\"@type\":\"ReadAction\",\"target\":[\"https:\\\/\\\/www.suudupulakou.org\\\/\"]}]},{\"@type\":\"BreadcrumbList\",\"@id\":\"https:\\\/\\\/www.suudupulakou.org\\\/#breadcrumb\",\"itemListElement\":[{\"@type\":\"ListItem\",\"position\":1,\"name\":\"Accueil\",\"item\":\"https:\\\/\\\/www.suudupulakou.org\\\/\"},{\"@type\":\"ListItem\",\"position\":2,\"name\":\"AUX HALPULAR DU MONDE ENTIER\"}]},{\"@type\":\"WebSite\",\"@id\":\"https:\\\/\\\/www.suudupulakou.org\\\/#website\",\"url\":\"https:\\\/\\\/www.suudupulakou.org\\\/\",\"name\":\"Suudu Pulaku\",\"description\":\"\",\"publisher\":{\"@id\":\"https:\\\/\\\/www.suudupulakou.org\\\/#organization\"},\"potentialAction\":[{\"@type\":\"SearchAction\",\"target\":{\"@type\":\"EntryPoint\",\"urlTemplate\":\"https:\\\/\\\/www.suudupulakou.org\\\/?s={search_term_string}\"},\"query-input\":{\"@type\":\"PropertyValueSpecification\",\"valueRequired\":true,\"valueName\":\"search_term_string\"}}],\"inLanguage\":\"fr-FR\"},{\"@type\":\"Organization\",\"@id\":\"https:\\\/\\\/www.suudupulakou.org\\\/#organization\",\"name\":\"Suudu Pulaku\",\"url\":\"https:\\\/\\\/www.suudupulakou.org\\\/\",\"logo\":{\"@type\":\"ImageObject\",\"inLanguage\":\"fr-FR\",\"@id\":\"https:\\\/\\\/www.suudupulakou.org\\\/#\\\/schema\\\/logo\\\/image\\\/\",\"url\":\"https:\\\/\\\/www.suudupulakou.org\\\/wp-content\\\/uploads\\\/2025\\\/07\\\/cropped-WhatsApp-Image-2025-03-26-at-04.47.28.jpeg\",\"contentUrl\":\"https:\\\/\\\/www.suudupulakou.org\\\/wp-content\\\/uploads\\\/2025\\\/07\\\/cropped-WhatsApp-Image-2025-03-26-at-04.47.28.jpeg\",\"width\":791,\"height\":680,\"caption\":\"Suudu Pulaku\"},\"image\":{\"@id\":\"https:\\\/\\\/www.suudupulakou.org\\\/#\\\/schema\\\/logo\\\/image\\\/\"}}]}<\/script>\n<!-- \/ Yoast SEO plugin. -->","yoast_head_json":{"title":"AUX HALPULAR DU MONDE ENTIER - Suudu Pulaku","robots":{"index":"index","follow":"follow","max-snippet":"max-snippet:-1","max-image-preview":"max-image-preview:large","max-video-preview":"max-video-preview:-1"},"canonical":"https:\/\/www.suudupulakou.org\/","og_locale":"fr_FR","og_type":"article","og_title":"AUX HALPULAR DU MONDE ENTIER - Suudu Pulaku","og_description":"SUUDU PULAAKU Ce site est pour vous ! Il sera ce que vous en ferez ! Les initiateurs eux, se contenteront juste d\u2019exprimer une intention: que Suudu Pulaaku soit un point de ralliement, une source d\u2019information, un lieu d\u2019\u00e9changes et de d\u00e9bats et surtout une \u00a0\u00e9cole, un centre initiatique\u00a0 pour les n\u00e9ophytes de tout \u00e2ge\u00a0! [&hellip;]","og_url":"https:\/\/www.suudupulakou.org\/","og_site_name":"Suudu Pulaku","article_modified_time":"2025-10-31T14:04:27+00:00","twitter_card":"summary_large_image","twitter_misc":{"Dur\u00e9e de lecture estim\u00e9e":"2 minutes"},"schema":{"@context":"https:\/\/schema.org","@graph":[{"@type":"WebPage","@id":"https:\/\/www.suudupulakou.org\/","url":"https:\/\/www.suudupulakou.org\/","name":"AUX HALPULAR DU MONDE ENTIER - Suudu Pulaku","isPartOf":{"@id":"https:\/\/www.suudupulakou.org\/#website"},"datePublished":"2024-09-30T12:31:44+00:00","dateModified":"2025-10-31T14:04:27+00:00","breadcrumb":{"@id":"https:\/\/www.suudupulakou.org\/#breadcrumb"},"inLanguage":"fr-FR","potentialAction":[{"@type":"ReadAction","target":["https:\/\/www.suudupulakou.org\/"]}]},{"@type":"BreadcrumbList","@id":"https:\/\/www.suudupulakou.org\/#breadcrumb","itemListElement":[{"@type":"ListItem","position":1,"name":"Accueil","item":"https:\/\/www.suudupulakou.org\/"},{"@type":"ListItem","position":2,"name":"AUX HALPULAR DU MONDE ENTIER"}]},{"@type":"WebSite","@id":"https:\/\/www.suudupulakou.org\/#website","url":"https:\/\/www.suudupulakou.org\/","name":"Suudu Pulaku","description":"","publisher":{"@id":"https:\/\/www.suudupulakou.org\/#organization"},"potentialAction":[{"@type":"SearchAction","target":{"@type":"EntryPoint","urlTemplate":"https:\/\/www.suudupulakou.org\/?s={search_term_string}"},"query-input":{"@type":"PropertyValueSpecification","valueRequired":true,"valueName":"search_term_string"}}],"inLanguage":"fr-FR"},{"@type":"Organization","@id":"https:\/\/www.suudupulakou.org\/#organization","name":"Suudu Pulaku","url":"https:\/\/www.suudupulakou.org\/","logo":{"@type":"ImageObject","inLanguage":"fr-FR","@id":"https:\/\/www.suudupulakou.org\/#\/schema\/logo\/image\/","url":"https:\/\/www.suudupulakou.org\/wp-content\/uploads\/2025\/07\/cropped-WhatsApp-Image-2025-03-26-at-04.47.28.jpeg","contentUrl":"https:\/\/www.suudupulakou.org\/wp-content\/uploads\/2025\/07\/cropped-WhatsApp-Image-2025-03-26-at-04.47.28.jpeg","width":791,"height":680,"caption":"Suudu Pulaku"},"image":{"@id":"https:\/\/www.suudupulakou.org\/#\/schema\/logo\/image\/"}}]}},"_links":{"self":[{"href":"https:\/\/www.suudupulakou.org\/index.php\/wp-json\/wp\/v2\/pages\/2","targetHints":{"allow":["GET"]}}],"collection":[{"href":"https:\/\/www.suudupulakou.org\/index.php\/wp-json\/wp\/v2\/pages"}],"about":[{"href":"https:\/\/www.suudupulakou.org\/index.php\/wp-json\/wp\/v2\/types\/page"}],"author":[{"embeddable":true,"href":"https:\/\/www.suudupulakou.org\/index.php\/wp-json\/wp\/v2\/users\/1"}],"replies":[{"embeddable":true,"href":"https:\/\/www.suudupulakou.org\/index.php\/wp-json\/wp\/v2\/comments?post=2"}],"version-history":[{"count":6,"href":"https:\/\/www.suudupulakou.org\/index.php\/wp-json\/wp\/v2\/pages\/2\/revisions"}],"predecessor-version":[{"id":91,"href":"https:\/\/www.suudupulakou.org\/index.php\/wp-json\/wp\/v2\/pages\/2\/revisions\/91"}],"wp:attachment":[{"href":"https:\/\/www.suudupulakou.org\/index.php\/wp-json\/wp\/v2\/media?parent=2"}],"curies":[{"name":"wp","href":"https:\/\/api.w.org\/{rel}","templated":true}]}}